{"id":3263,"date":"2024-03-27T19:59:50","date_gmt":"2024-03-27T18:59:50","guid":{"rendered":"https:\/\/ccl-kfz.de\/?page_id=3263"},"modified":"2024-04-08T19:27:38","modified_gmt":"2024-04-08T18:27:38","slug":"rental-vehicles","status":"publish","type":"page","link":"https:\/\/ccl-kfz.de\/en\/leihfahrzeuge\/","title":{"rendered":"Rental vehicles"},"content":{"rendered":"\t\t<div data-elementor-type=\"wp-page\" data-elementor-id=\"3263\" class=\"elementor elementor-3263\" data-elementor-post-type=\"page\">\n\t\t\t\t<div class=\"elementor-element elementor-element-4eaee7e0 e-con-full e-flex e-con e-parent\" data-id=\"4eaee7e0\" data-element_type=\"container\" data-e-type=\"container\" data-settings=\"{&quot;background_background&quot;:&quot;slideshow&quot;,&quot;background_slideshow_gallery&quot;:[{&quot;id&quot;:2139,&quot;url&quot;:&quot;https:\\\/\\\/ccl-kfz.de\\\/wp-content\\\/uploads\\\/2024\\\/03\\\/DSC05647-1.webp&quot;}],&quot;background_slideshow_loop&quot;:&quot;yes&quot;,&quot;background_slideshow_slide_duration&quot;:5000,&quot;background_slideshow_slide_transition&quot;:&quot;fade&quot;,&quot;background_slideshow_transition_duration&quot;:500}\">\n\t\t\t\t<div class=\"elementor-element elementor-element-11ecebef elementor-widget__width-initial animated-slow elementor-invisible elementor-widget elementor-widget-heading\" data-id=\"11ecebef\" data-element_type=\"widget\" data-e-type=\"widget\" data-settings=\"{&quot;_animation&quot;:&quot;fadeIn&quot;}\" data-widget_type=\"heading.default\">\n\t\t\t\t\t<h1 class=\"elementor-heading-title elementor-size-default\">Leihfahrzeuge<\/h1>\t\t\t\t<\/div>\n\t\t\t\t<\/div>\n\t\t<div class=\"elementor-element elementor-element-77eb3bed e-con-full e-flex e-con e-parent\" data-id=\"77eb3bed\" data-element_type=\"container\" data-e-type=\"container\">\n\t\t<div class=\"elementor-element elementor-element-6f6d7be2 e-con-full e-flex e-con e-child\" data-id=\"6f6d7be2\" data-element_type=\"container\" data-e-type=\"container\">\n\t\t\t\t<div class=\"elementor-element elementor-element-5ece378d elementor-widget elementor-widget-text-editor\" data-id=\"5ece378d\" data-element_type=\"widget\" data-e-type=\"widget\" data-widget_type=\"text-editor.default\">\n\t\t\t\t\t\t\t\t\t<p>Bei uns k\u00f6nnen Sie jederzeit auf unsere zuverl\u00e4ssigen und komfortablen Ersatzfahrzeuge zur\u00fcckgreifen. Egal ob w\u00e4hrend Ihres Werkstattaufenthalts oder als tempor\u00e4re L\u00f6sung f\u00fcr Ihren individuellen Bedarf, wir stellen sicher, dass Sie jederzeit mobil bleiben. So m\u00fcssen Sie keine Abstriche in Sachen Flexibilit\u00e4t oder Komfort machen und k\u00f6nnen sich voll und ganz auf Ihre t\u00e4glichen Aufgaben konzentrieren. Vertrauen Sie auf unsere Erfahrung und lassen Sie uns Ihnen den bestm\u00f6glichen Service bieten!<\/p>\t\t\t\t\t\t\t\t<\/div>\n\t\t\t\t<div class=\"elementor-element elementor-element-62b79d5b elementor-widget elementor-widget-price-list\" data-id=\"62b79d5b\" data-element_type=\"widget\" data-e-type=\"widget\" data-widget_type=\"price-list.default\">\n\t\t\t\t\t\n\t\t<ul class=\"elementor-price-list\">\n\n\t\t\t\t\t\t\t\t\t<li class=\"elementor-price-list-item\">\t\t\t\t\n\t\t\t\t<div class=\"elementor-price-list-text\">\n\t\t\t\t\t\t\t\t\t<div class=\"elementor-price-list-header\">\n\t\t\t\t\t\t\t\t\t\t\t<span class=\"elementor-price-list-title\">\n\t\t\t\t\t\t\tE-Scooter\t\t\t\t\t\t<\/span>\n\t\t\t\t\t\t\t\t\t\t\t\t\t\t\t\t\t\t<span class=\"elementor-price-list-separator\"><\/span>\n\t\t\t\t\t\t\t\t\t\t\t\t\t\t\t\t\t\t\t<span class=\"elementor-price-list-price\">10 \u20ac<\/span>\n\t\t\t\t\t\t\t\t\t\t<\/div>\n\t\t\t\t\t\t\t\t\t\t\t\t<\/div>\n\t\t\t\t<\/li>\t\t\t\t\t\n\t\t<\/ul>\n\n\t\t\t\t\t\t<\/div>\n\t\t\t\t<div class=\"elementor-element elementor-element-7699c700 elementor-widget elementor-widget-text-editor\" data-id=\"7699c700\" data-element_type=\"widget\" data-e-type=\"widget\" data-widget_type=\"text-editor.default\">\n\t\t\t\t\t\t\t\t\t<p>Preise inkl. MwSt. \/ je Tag<\/p>\t\t\t\t\t\t\t\t<\/div>\n\t\t\t\t<div class=\"elementor-element elementor-element-43476a6 elementor-widget elementor-widget-button\" data-id=\"43476a6\" data-element_type=\"widget\" data-e-type=\"widget\" data-widget_type=\"button.default\">\n\t\t\t\t\t\t\t\t\t\t<a class=\"elementor-button elementor-button-link elementor-size-sm\" href=\"#elementor-action%3Aaction%3Dpopup%3Aopen%26settings%3DeyJpZCI6IjEyOTciLCJ0b2dnbGUiOmZhbHNlfQ%3D%3D\">\n\t\t\t\t\t\t<span class=\"elementor-button-content-wrapper\">\n\t\t\t\t\t\t\t\t\t<span class=\"elementor-button-text\">Buchungsanfrage Leihfahrzeug<\/span>\n\t\t\t\t\t<\/span>\n\t\t\t\t\t<\/a>\n\t\t\t\t\t\t\t\t<\/div>\n\t\t\t\t<\/div>\n\t\t<div class=\"elementor-element elementor-element-478b28e5 e-con-full e-flex e-con e-child\" data-id=\"478b28e5\" data-element_type=\"container\" data-e-type=\"container\">\n\t\t\t\t<div class=\"elementor-element elementor-element-4461510 elementor-widget elementor-widget-image\" data-id=\"4461510\" data-element_type=\"widget\" data-e-type=\"widget\" data-widget_type=\"image.default\">\n\t\t\t\t\t\t\t\t\t\t\t\t\t\t\t<img fetchpriority=\"high\" decoding=\"async\" width=\"800\" height=\"719\" src=\"https:\/\/ccl-kfz.de\/wp-content\/uploads\/2024\/03\/Scooter-scaled-e1712575099407-1024x920.webp\" class=\"attachment-large size-large wp-image-3284\" alt=\"\" srcset=\"https:\/\/ccl-kfz.de\/wp-content\/uploads\/2024\/03\/Scooter-scaled-e1712575099407-1024x920.webp 1024w, https:\/\/ccl-kfz.de\/wp-content\/uploads\/2024\/03\/Scooter-scaled-e1712575099407-300x270.webp 300w, https:\/\/ccl-kfz.de\/wp-content\/uploads\/2024\/03\/Scooter-scaled-e1712575099407-768x690.webp 768w, https:\/\/ccl-kfz.de\/wp-content\/uploads\/2024\/03\/Scooter-scaled-e1712575099407-1536x1380.webp 1536w, https:\/\/ccl-kfz.de\/wp-content\/uploads\/2024\/03\/Scooter-scaled-e1712575099407-13x12.webp 13w, https:\/\/ccl-kfz.de\/wp-content\/uploads\/2024\/03\/Scooter-scaled-e1712575099407.webp 1856w\" sizes=\"(max-width: 800px) 100vw, 800px\" \/>\t\t\t\t\t\t\t\t\t\t\t\t\t\t\t<\/div>\n\t\t\t\t<\/div>\n\t\t\t\t<\/div>\n\t\t\t\t<\/div>\n\t\t","protected":false},"excerpt":{"rendered":"<p>Leihfahrzeuge Bei uns k\u00f6nnen Sie jederzeit auf unsere zuverl\u00e4ssigen und komfortablen Ersatzfahrzeuge zur\u00fcckgreifen. Egal ob w\u00e4hrend Ihres Werkstattaufenthalts oder als tempor\u00e4re L\u00f6sung f\u00fcr Ihren individuellen Bedarf, wir stellen sicher, dass Sie jederzeit mobil bleiben. So m\u00fcssen Sie keine Abstriche in Sachen Flexibilit\u00e4t oder Komfort machen und k\u00f6nnen sich voll und ganz auf Ihre t\u00e4glichen Aufgaben [&hellip;]<\/p>\n","protected":false},"author":2,"featured_media":0,"parent":0,"menu_order":0,"comment_status":"closed","ping_status":"closed","template":"elementor_header_footer","meta":{"footnotes":""},"class_list":["post-3263","page","type-page","status-publish","hentry"],"yoast_head":"<!-- This site is optimized with the Yoast SEO plugin v27.5 - https:\/\/yoast.com\/product\/yoast-seo-wordpress\/ -->\n<title>Leihfahrzeuge | CCL Car Competence Leutenstorfer GmbH | Flexibilit\u00e4t und Mobili\u00e4t<\/title>\n<meta name=\"description\" content=\"Sorgenfrei mobil mit unseren zuverl\u00e4ssigen Ersatzfahrzeugen. Bleiben Sie flexibel und konzentrieren Sie sich auf Ihre Aufgaben.\" \/>\n<meta name=\"robots\" content=\"index, follow, max-snippet:-1, max-image-preview:large, max-video-preview:-1\" \/>\n<link rel=\"canonical\" href=\"https:\/\/ccl-kfz.de\/en\/rental-vehicles\/\" \/>\n<meta property=\"og:locale\" content=\"en_GB\" \/>\n<meta property=\"og:type\" content=\"article\" \/>\n<meta property=\"og:title\" content=\"Leihfahrzeuge | CCL Car Competence Leutenstorfer GmbH | Flexibilit\u00e4t und Mobili\u00e4t\" \/>\n<meta property=\"og:description\" content=\"Sorgenfrei mobil mit unseren zuverl\u00e4ssigen Ersatzfahrzeugen. Bleiben Sie flexibel und konzentrieren Sie sich auf Ihre Aufgaben.\" \/>\n<meta property=\"og:url\" content=\"https:\/\/ccl-kfz.de\/en\/rental-vehicles\/\" \/>\n<meta property=\"og:site_name\" content=\"CCL Car Competence Leutenstorfer GmbH\" \/>\n<meta property=\"article:publisher\" content=\"https:\/\/www.facebook.com\/profile.php?id=61556495279549\" \/>\n<meta property=\"article:modified_time\" content=\"2024-04-08T18:27:38+00:00\" \/>\n<meta property=\"og:image\" content=\"https:\/\/ccl-kfz.de\/wp-content\/uploads\/2024\/03\/Scooter-scaled-e1712575099407-1024x920.webp\" \/>\n<meta name=\"twitter:card\" content=\"summary_large_image\" \/>\n<meta name=\"twitter:label1\" content=\"Estimated reading time\" \/>\n\t<meta name=\"twitter:data1\" content=\"1 minute\" \/>\n<script type=\"application\/ld+json\" class=\"yoast-schema-graph\">{\"@context\":\"https:\\\/\\\/schema.org\",\"@graph\":[{\"@type\":\"WebPage\",\"@id\":\"https:\\\/\\\/ccl-kfz.de\\\/leihfahrzeuge\\\/\",\"url\":\"https:\\\/\\\/ccl-kfz.de\\\/leihfahrzeuge\\\/\",\"name\":\"Leihfahrzeuge | CCL Car Competence Leutenstorfer GmbH | Flexibilit\u00e4t und Mobili\u00e4t\",\"isPartOf\":{\"@id\":\"https:\\\/\\\/ccl-kfz.de\\\/#website\"},\"primaryImageOfPage\":{\"@id\":\"https:\\\/\\\/ccl-kfz.de\\\/leihfahrzeuge\\\/#primaryimage\"},\"image\":{\"@id\":\"https:\\\/\\\/ccl-kfz.de\\\/leihfahrzeuge\\\/#primaryimage\"},\"thumbnailUrl\":\"https:\\\/\\\/ccl-kfz.de\\\/wp-content\\\/uploads\\\/2024\\\/03\\\/Scooter-scaled-e1712575099407-1024x920.webp\",\"datePublished\":\"2024-03-27T18:59:50+00:00\",\"dateModified\":\"2024-04-08T18:27:38+00:00\",\"description\":\"Sorgenfrei mobil mit unseren zuverl\u00e4ssigen Ersatzfahrzeugen. Bleiben Sie flexibel und konzentrieren Sie sich auf Ihre Aufgaben.\",\"breadcrumb\":{\"@id\":\"https:\\\/\\\/ccl-kfz.de\\\/leihfahrzeuge\\\/#breadcrumb\"},\"inLanguage\":\"en-GB\",\"potentialAction\":[{\"@type\":\"ReadAction\",\"target\":[\"https:\\\/\\\/ccl-kfz.de\\\/leihfahrzeuge\\\/\"]}]},{\"@type\":\"ImageObject\",\"inLanguage\":\"en-GB\",\"@id\":\"https:\\\/\\\/ccl-kfz.de\\\/leihfahrzeuge\\\/#primaryimage\",\"url\":\"https:\\\/\\\/ccl-kfz.de\\\/wp-content\\\/uploads\\\/2024\\\/03\\\/Scooter-scaled-e1712575099407-1024x920.webp\",\"contentUrl\":\"https:\\\/\\\/ccl-kfz.de\\\/wp-content\\\/uploads\\\/2024\\\/03\\\/Scooter-scaled-e1712575099407-1024x920.webp\"},{\"@type\":\"BreadcrumbList\",\"@id\":\"https:\\\/\\\/ccl-kfz.de\\\/leihfahrzeuge\\\/#breadcrumb\",\"itemListElement\":[{\"@type\":\"ListItem\",\"position\":1,\"name\":\"Startseite\",\"item\":\"https:\\\/\\\/ccl-kfz.de\\\/\"},{\"@type\":\"ListItem\",\"position\":2,\"name\":\"Leihfahrzeuge\"}]},{\"@type\":\"WebSite\",\"@id\":\"https:\\\/\\\/ccl-kfz.de\\\/#website\",\"url\":\"https:\\\/\\\/ccl-kfz.de\\\/\",\"name\":\"CCL Car Competence Leutenstorfer GmbH\",\"description\":\"Werkstatt | Fahrzeugeinlagerung | Tuning | Oldtimer | Motorsport | Reifenlager\",\"publisher\":{\"@id\":\"https:\\\/\\\/ccl-kfz.de\\\/#organization\"},\"alternateName\":\"CCL\",\"potentialAction\":[{\"@type\":\"SearchAction\",\"target\":{\"@type\":\"EntryPoint\",\"urlTemplate\":\"https:\\\/\\\/ccl-kfz.de\\\/?s={search_term_string}\"},\"query-input\":{\"@type\":\"PropertyValueSpecification\",\"valueRequired\":true,\"valueName\":\"search_term_string\"}}],\"inLanguage\":\"en-GB\"},{\"@type\":\"Organization\",\"@id\":\"https:\\\/\\\/ccl-kfz.de\\\/#organization\",\"name\":\"CCL Car Competence Leutenstorfer GmbH\",\"alternateName\":\"CCL\",\"url\":\"https:\\\/\\\/ccl-kfz.de\\\/\",\"logo\":{\"@type\":\"ImageObject\",\"inLanguage\":\"en-GB\",\"@id\":\"https:\\\/\\\/ccl-kfz.de\\\/#\\\/schema\\\/logo\\\/image\\\/\",\"url\":\"https:\\\/\\\/ccl-kfz.de\\\/wp-content\\\/uploads\\\/2024\\\/02\\\/CCL_Black_500.webp\",\"contentUrl\":\"https:\\\/\\\/ccl-kfz.de\\\/wp-content\\\/uploads\\\/2024\\\/02\\\/CCL_Black_500.webp\",\"width\":500,\"height\":157,\"caption\":\"CCL Car Competence Leutenstorfer GmbH\"},\"image\":{\"@id\":\"https:\\\/\\\/ccl-kfz.de\\\/#\\\/schema\\\/logo\\\/image\\\/\"},\"sameAs\":[\"https:\\\/\\\/www.facebook.com\\\/profile.php?id=61556495279549\",\"https:\\\/\\\/www.instagram.com\\\/cclcarcompetence_leutenstorfer\\\/\",\"https:\\\/\\\/www.youtube.com\\\/channel\\\/UCzZ_DXjtpN43VN-TteInkbg\"]}]}<\/script>\n<!-- \/ Yoast SEO plugin. -->","yoast_head_json":{"title":"Rental vehicles | CCL Car Competence Leutenstorfer GmbH | Flexibility and mobility","description":"Carefree mobility with our reliable replacement vehicles. Stay flexible and concentrate on your tasks.","robots":{"index":"index","follow":"follow","max-snippet":"max-snippet:-1","max-image-preview":"max-image-preview:large","max-video-preview":"max-video-preview:-1"},"canonical":"https:\/\/ccl-kfz.de\/en\/rental-vehicles\/","og_locale":"en_GB","og_type":"article","og_title":"Leihfahrzeuge | CCL Car Competence Leutenstorfer GmbH | Flexibilit\u00e4t und Mobili\u00e4t","og_description":"Sorgenfrei mobil mit unseren zuverl\u00e4ssigen Ersatzfahrzeugen. Bleiben Sie flexibel und konzentrieren Sie sich auf Ihre Aufgaben.","og_url":"https:\/\/ccl-kfz.de\/en\/rental-vehicles\/","og_site_name":"CCL Car Competence Leutenstorfer GmbH","article_publisher":"https:\/\/www.facebook.com\/profile.php?id=61556495279549","article_modified_time":"2024-04-08T18:27:38+00:00","og_image":[{"url":"https:\/\/ccl-kfz.de\/wp-content\/uploads\/2024\/03\/Scooter-scaled-e1712575099407-1024x920.webp","type":"","width":"","height":""}],"twitter_card":"summary_large_image","twitter_misc":{"Estimated reading time":"1 minute"},"schema":{"@context":"https:\/\/schema.org","@graph":[{"@type":"WebPage","@id":"https:\/\/ccl-kfz.de\/leihfahrzeuge\/","url":"https:\/\/ccl-kfz.de\/leihfahrzeuge\/","name":"Rental vehicles | CCL Car Competence Leutenstorfer GmbH | Flexibility and mobility","isPartOf":{"@id":"https:\/\/ccl-kfz.de\/#website"},"primaryImageOfPage":{"@id":"https:\/\/ccl-kfz.de\/leihfahrzeuge\/#primaryimage"},"image":{"@id":"https:\/\/ccl-kfz.de\/leihfahrzeuge\/#primaryimage"},"thumbnailUrl":"https:\/\/ccl-kfz.de\/wp-content\/uploads\/2024\/03\/Scooter-scaled-e1712575099407-1024x920.webp","datePublished":"2024-03-27T18:59:50+00:00","dateModified":"2024-04-08T18:27:38+00:00","description":"Carefree mobility with our reliable replacement vehicles. Stay flexible and concentrate on your tasks.","breadcrumb":{"@id":"https:\/\/ccl-kfz.de\/leihfahrzeuge\/#breadcrumb"},"inLanguage":"en-GB","potentialAction":[{"@type":"ReadAction","target":["https:\/\/ccl-kfz.de\/leihfahrzeuge\/"]}]},{"@type":"ImageObject","inLanguage":"en-GB","@id":"https:\/\/ccl-kfz.de\/leihfahrzeuge\/#primaryimage","url":"https:\/\/ccl-kfz.de\/wp-content\/uploads\/2024\/03\/Scooter-scaled-e1712575099407-1024x920.webp","contentUrl":"https:\/\/ccl-kfz.de\/wp-content\/uploads\/2024\/03\/Scooter-scaled-e1712575099407-1024x920.webp"},{"@type":"BreadcrumbList","@id":"https:\/\/ccl-kfz.de\/leihfahrzeuge\/#breadcrumb","itemListElement":[{"@type":"ListItem","position":1,"name":"Startseite","item":"https:\/\/ccl-kfz.de\/"},{"@type":"ListItem","position":2,"name":"Leihfahrzeuge"}]},{"@type":"WebSite","@id":"https:\/\/ccl-kfz.de\/#website","url":"https:\/\/ccl-kfz.de\/","name":"CCL Car Competence Leutenstorfer GmbH","description":"Workshop | Vehicle storage | Tuning | Classic cars | Motorsport | Tyre storage","publisher":{"@id":"https:\/\/ccl-kfz.de\/#organization"},"alternateName":"CCL","potentialAction":[{"@type":"SearchAction","target":{"@type":"EntryPoint","urlTemplate":"https:\/\/ccl-kfz.de\/?s={search_term_string}"},"query-input":{"@type":"PropertyValueSpecification","valueRequired":true,"valueName":"search_term_string"}}],"inLanguage":"en-GB"},{"@type":"Organization","@id":"https:\/\/ccl-kfz.de\/#organization","name":"CCL Car Competence Leutenstorfer GmbH","alternateName":"CCL","url":"https:\/\/ccl-kfz.de\/","logo":{"@type":"ImageObject","inLanguage":"en-GB","@id":"https:\/\/ccl-kfz.de\/#\/schema\/logo\/image\/","url":"https:\/\/ccl-kfz.de\/wp-content\/uploads\/2024\/02\/CCL_Black_500.webp","contentUrl":"https:\/\/ccl-kfz.de\/wp-content\/uploads\/2024\/02\/CCL_Black_500.webp","width":500,"height":157,"caption":"CCL Car Competence Leutenstorfer GmbH"},"image":{"@id":"https:\/\/ccl-kfz.de\/#\/schema\/logo\/image\/"},"sameAs":["https:\/\/www.facebook.com\/profile.php?id=61556495279549","https:\/\/www.instagram.com\/cclcarcompetence_leutenstorfer\/","https:\/\/www.youtube.com\/channel\/UCzZ_DXjtpN43VN-TteInkbg"]}]}},"_links":{"self":[{"href":"https:\/\/ccl-kfz.de\/en\/wp-json\/wp\/v2\/pages\/3263","targetHints":{"allow":["GET"]}}],"collection":[{"href":"https:\/\/ccl-kfz.de\/en\/wp-json\/wp\/v2\/pages"}],"about":[{"href":"https:\/\/ccl-kfz.de\/en\/wp-json\/wp\/v2\/types\/page"}],"author":[{"embeddable":true,"href":"https:\/\/ccl-kfz.de\/en\/wp-json\/wp\/v2\/users\/2"}],"replies":[{"embeddable":true,"href":"https:\/\/ccl-kfz.de\/en\/wp-json\/wp\/v2\/comments?post=3263"}],"version-history":[{"count":0,"href":"https:\/\/ccl-kfz.de\/en\/wp-json\/wp\/v2\/pages\/3263\/revisions"}],"wp:attachment":[{"href":"https:\/\/ccl-kfz.de\/en\/wp-json\/wp\/v2\/media?parent=3263"}],"curies":[{"name":"wp","href":"https:\/\/api.w.org\/{rel}","templated":true}]}}