{"id":422,"date":"2024-02-19T12:11:05","date_gmt":"2024-02-19T12:11:05","guid":{"rendered":"https:\/\/ccl-kfz.de\/?page_id=422"},"modified":"2026-02-24T19:10:04","modified_gmt":"2026-02-24T18:10:04","slug":"career","status":"publish","type":"page","link":"https:\/\/ccl-kfz.de\/en\/karriere\/","title":{"rendered":"Career"},"content":{"rendered":"\t\t<div data-elementor-type=\"wp-page\" data-elementor-id=\"422\" class=\"elementor elementor-422\" data-elementor-post-type=\"page\">\n\t\t\t\t<div class=\"elementor-element elementor-element-c12bbad e-con-full e-flex e-con e-parent\" data-id=\"c12bbad\" data-element_type=\"container\" data-e-type=\"container\" data-settings=\"{&quot;background_background&quot;:&quot;slideshow&quot;,&quot;background_slideshow_gallery&quot;:[{&quot;id&quot;:3850,&quot;url&quot;:&quot;https:\\\/\\\/ccl-kfz.de\\\/wp-content\\\/uploads\\\/2024\\\/06\\\/DSC07374.webp&quot;}],&quot;background_slideshow_loop&quot;:&quot;yes&quot;,&quot;background_slideshow_slide_duration&quot;:5000,&quot;background_slideshow_slide_transition&quot;:&quot;fade&quot;,&quot;background_slideshow_transition_duration&quot;:500}\">\n\t\t\t\t<div class=\"elementor-element elementor-element-6d5aa7f8 elementor-widget__width-initial animated-slow elementor-invisible elementor-widget elementor-widget-heading\" data-id=\"6d5aa7f8\" data-element_type=\"widget\" data-e-type=\"widget\" data-settings=\"{&quot;_animation&quot;:&quot;fadeIn&quot;}\" data-widget_type=\"heading.default\">\n\t\t\t\t\t<h1 class=\"elementor-heading-title elementor-size-default\">Komm in unser Team!<\/h1>\t\t\t\t<\/div>\n\t\t\t\t<\/div>\n\t\t<div class=\"elementor-element elementor-element-6644f995 e-flex e-con-boxed e-con e-parent\" data-id=\"6644f995\" data-element_type=\"container\" data-e-type=\"container\">\n\t\t\t\t\t<div class=\"e-con-inner\">\n\t\t\t\t<div class=\"elementor-element elementor-element-fc1ea18 elementor-widget elementor-widget-text-editor\" data-id=\"fc1ea18\" data-element_type=\"widget\" data-e-type=\"widget\" data-widget_type=\"text-editor.default\">\n\t\t\t\t\t\t\t\t\t<p style=\"font-weight: 400;\">Autos sind dein Leben? Dann komm zu uns in die neue Werkstatt und werde Teil unseres jungen Teams! Wir suchen nach talentierten Mechanikern, die nicht nur gerne schrauben, sondern aus Leidenschaft zum Automobil eine wirkliche Berufung gefunden haben. Bewirb dich jetzt und lass uns gemeinsam f\u00fcr den perfekten Drive sorgen!<\/p>\t\t\t\t\t\t\t\t<\/div>\n\t\t\t\t<div class=\"elementor-element elementor-element-860062a elementor-widget elementor-widget-text-editor\" data-id=\"860062a\" data-element_type=\"widget\" data-e-type=\"widget\" data-widget_type=\"text-editor.default\">\n\t\t\t\t\t\t\t\t\t<p style=\"font-weight: 400;\">CCL Car Competence Leutenstorfer GmbH<\/p><p style=\"font-weight: 400;\">Wurde 2024 neu er\u00f6ffnet und ist in einen neuen Standort in Gauting eingezogen. Die Firma steht am Anfang und daf\u00fcr ben\u00f6tigen wir nat\u00fcrlich motivierte Mitarbeiter. Aktuell besteht unser Team aus 6 Mitarbeitern.<\/p><p>\u00a0<\/p><p style=\"font-weight: 400;\">Gerne kommen Sie unverbindlich vorbei, um sich pers\u00f6nlich ein Bild der neu gebauten Werkstatt zu machen.<\/p><p>\u00a0<\/p><p style=\"font-weight: 400;\">Der neue Standort hat das Potential etwas Gro\u00dfes zu werden.<\/p><p>\u00a0<\/p><p style=\"font-weight: 400;\">Unser Ziel: eine Top Adresse aufzubauen, bei der unsere Kunden mit Vertrauen und einem guten Gef\u00fchl, ihr \u201eSch\u00e4tzchen auf 4 R\u00e4dern\u201c abgeben k\u00f6nnen, und immer wissen, es passt! Wir haben auch die M\u00f6glichkeit, im Geb\u00e4ude bis zu 60 Fahrzeuge unserer Kunden klimatisiert einzulagern.<\/p>\t\t\t\t\t\t\t\t<\/div>\n\t\t\t\t<div class=\"elementor-element elementor-element-9cc869d elementor-widget-divider--separator-type-pattern elementor-widget-divider--view-line elementor-widget elementor-widget-divider\" data-id=\"9cc869d\" data-element_type=\"widget\" data-e-type=\"widget\" data-widget_type=\"divider.default\">\n\t\t\t\t\t\t\t<div class=\"elementor-divider\" style=\"--divider-pattern-url: url(&quot;data:image\/svg+xml,%3Csvg xmlns=&#039;http:\/\/www.w3.org\/2000\/svg&#039; preserveAspectRatio=&#039;none&#039; overflow=&#039;visible&#039; height=&#039;100%&#039; viewBox=&#039;0 0 24 24&#039; fill=&#039;black&#039; stroke=&#039;none&#039;%3E%3Cpolygon points=&#039;9.4,2 24,2 14.6,21.6 0,21.6&#039;\/%3E%3C\/svg%3E&quot;);\">\n\t\t\t<span class=\"elementor-divider-separator\">\n\t\t\t\t\t\t<\/span>\n\t\t<\/div>\n\t\t\t\t\t\t<\/div>\n\t\t\t\t\t<\/div>\n\t\t\t\t<\/div>\n\t\t<div class=\"elementor-element elementor-element-f75c31b elementor-hidden-desktop elementor-hidden-tablet elementor-hidden-mobile e-flex e-con-boxed e-con e-parent\" data-id=\"f75c31b\" data-element_type=\"container\" data-e-type=\"container\">\n\t\t\t\t\t<div class=\"e-con-inner\">\n\t\t<div class=\"elementor-element elementor-element-38517cd e-con-full e-flex e-con e-child\" data-id=\"38517cd\" data-element_type=\"container\" data-e-type=\"container\">\n\t\t\t\t<div class=\"elementor-element elementor-element-615f8f0 elementor-widget elementor-widget-n-accordion\" data-id=\"615f8f0\" data-element_type=\"widget\" data-e-type=\"widget\" data-settings=\"{&quot;default_state&quot;:&quot;all_collapsed&quot;,&quot;max_items_expended&quot;:&quot;one&quot;,&quot;n_accordion_animation_duration&quot;:{&quot;unit&quot;:&quot;ms&quot;,&quot;size&quot;:400,&quot;sizes&quot;:[]}}\" data-widget_type=\"nested-accordion.default\">\n\t\t\t\t\t\t\t<div class=\"e-n-accordion\" aria-label=\"Accordion. Open links with Enter or Space, close with Escape, and navigate with Arrow Keys\">\n\t\t\t\t\t\t<details id=\"e-n-accordion-item-1020\" class=\"e-n-accordion-item\" >\n\t\t\t\t<summary class=\"e-n-accordion-item-title\" data-accordion-index=\"1\" tabindex=\"0\" aria-expanded=\"false\" aria-controls=\"e-n-accordion-item-1020\" >\n\t\t\t\t\t<span class='e-n-accordion-item-title-header'><h2 class=\"e-n-accordion-item-title-text\"> KFZ-Mechaniker <br> KFZ-Mechatroniker <br> Auszubildender KFZ-Mechatroniker <\/h2><\/span>\n\t\t\t\t\t\t\t\t\t<\/summary>\n\t\t\t\t<div role=\"region\" aria-labelledby=\"e-n-accordion-item-1020\" class=\"elementor-element elementor-element-ac7d764 e-con-full e-flex e-con e-child\" data-id=\"ac7d764\" data-element_type=\"container\" data-e-type=\"container\">\n\t\t\t\t<div class=\"elementor-element elementor-element-9158755 elementor-widget__width-initial animated-slow elementor-invisible elementor-widget elementor-widget-text-editor\" data-id=\"9158755\" data-element_type=\"widget\" data-e-type=\"widget\" data-settings=\"{&quot;_animation&quot;:&quot;fadeIn&quot;,&quot;_animation_delay&quot;:400}\" data-widget_type=\"text-editor.default\">\n\t\t\t\t\t\t\t\t\t<p style=\"font-weight: 400;\"><span style=\"text-decoration: underline;\"><strong>Unsere Anforderungen an Sie:<\/strong><\/span><\/p><ul><li>Eine erfolgreich abgeschlossene Berufsausbildung zum Kfz. Mechaniker, Kfz. Mechatroniker<\/li><\/ul><ul><li>Mehrj\u00e4hrige Berufserfahrung als Kfz. Mechatroniker, Kfz. Meister<\/li><li>Mit Ehrgeiz Problemsituationen selbstst\u00e4ndig l\u00f6sen<\/li><li>Zuverl\u00e4ssigkeit und Motivation<\/li><li>F\u00fchrerschein der Klasse B, vorteilhaft auch BE<\/li><\/ul><p>\u00a0<\/p><p style=\"font-weight: 400;\"><span style=\"text-decoration: underline;\"><strong>Wir bieten Ihnen:<\/strong><\/span><\/p><ul><li>Ein angenehmes und famili\u00e4res Betriebsklima<\/li><li>Supercoole Fahrzeuge und Projekte<\/li><li>Verantwortungsvolle und vielseitige Aufgaben<\/li><li>Einen Arbeitsplatz, beim dem man gerne in die Arbeit geht<\/li><li>Eine \u00fcbertarifliche Verg\u00fctung<\/li><li>Ein junges motiviertes Team (ein super Teamspirit)<\/li><li>Eine neue, moderne Werkstatt, mit bester Ausstattung und Fu\u00dfbodenheizung<\/li><\/ul>\t\t\t\t\t\t\t\t<\/div>\n\t\t\t\t<\/div>\n\t\t\t\t\t<\/details>\n\t\t\t\t\t<\/div>\n\t\t\t\t\t\t<\/div>\n\t\t\t\t<\/div>\n\t\t<div class=\"elementor-element elementor-element-abf61e4 e-con-full e-flex e-con e-child\" data-id=\"abf61e4\" data-element_type=\"container\" data-e-type=\"container\">\n\t\t\t\t<div class=\"elementor-element elementor-element-adabd99 elementor-widget elementor-widget-n-accordion\" data-id=\"adabd99\" data-element_type=\"widget\" data-e-type=\"widget\" data-settings=\"{&quot;default_state&quot;:&quot;all_collapsed&quot;,&quot;max_items_expended&quot;:&quot;one&quot;,&quot;n_accordion_animation_duration&quot;:{&quot;unit&quot;:&quot;ms&quot;,&quot;size&quot;:400,&quot;sizes&quot;:[]}}\" data-widget_type=\"nested-accordion.default\">\n\t\t\t\t\t\t\t<div class=\"e-n-accordion\" aria-label=\"Accordion. Open links with Enter or Space, close with Escape, and navigate with Arrow Keys\">\n\t\t\t\t\t\t<details id=\"e-n-accordion-item-1820\" class=\"e-n-accordion-item\" >\n\t\t\t\t<summary class=\"e-n-accordion-item-title\" data-accordion-index=\"1\" tabindex=\"0\" aria-expanded=\"false\" aria-controls=\"e-n-accordion-item-1820\" >\n\t\t\t\t\t<span class='e-n-accordion-item-title-header'><h2 class=\"e-n-accordion-item-title-text\"> Werkstudent Marketing \/ social Media \/ Video <br> Social Media Experte <br> Webdesigner <br> Marketing Manager <\/h2><\/span>\n\t\t\t\t\t\t\t\t\t<\/summary>\n\t\t\t\t<div role=\"region\" aria-labelledby=\"e-n-accordion-item-1820\" class=\"elementor-element elementor-element-991367c e-con-full e-flex e-con e-child\" data-id=\"991367c\" data-element_type=\"container\" data-e-type=\"container\">\n\t\t\t\t<div class=\"elementor-element elementor-element-af051c5 elementor-widget__width-initial animated-slow elementor-invisible elementor-widget elementor-widget-text-editor\" data-id=\"af051c5\" data-element_type=\"widget\" data-e-type=\"widget\" data-settings=\"{&quot;_animation&quot;:&quot;fadeIn&quot;,&quot;_animation_delay&quot;:400}\" data-widget_type=\"text-editor.default\">\n\t\t\t\t\t\t\t\t\t<p style=\"font-weight: 400;\"><strong><u>Ihre Aufgaben sind:<\/u><\/strong><\/p><ul style=\"font-weight: 400;\"><li>Pflege des vorhandenen Webauftritts<\/li><li>Erstellung von social Media Content<\/li><li>Video- &amp; Fotographie mit Nachbearbeitung \/ Postproduktion\u00a0<\/li><\/ul><p style=\"font-weight: 400;\"><strong><u><br \/>Unsere Anforderungen und an Sie:<\/u><\/strong><\/p><ul><li>Mehrj\u00e4hrige Berufserfahrung<\/li><li>Mit Ehrgeiz Problemsituationen selbstst\u00e4ndig l\u00f6sen<\/li><li>Zuverl\u00e4ssigkeit und Motivation<\/li><li>F\u00fchrerschein der Klasse B<\/li><li>Automobile Affinit\u00e4t w\u00e4re von Vorteil (egal ob Klassiker, Tuning oder Motorsport)<\/li><\/ul><p style=\"font-weight: 400;\"><strong><u><br \/>Wir bieten Ihnen:<\/u><\/strong><\/p><ul><li>Ein angenehmes und famili\u00e4res Betriebsklima<\/li><li>Verantwortungsvolle und vielseitige Aufgaben<\/li><li>Einen Arbeitsplatz, beim dem man gerne in die Arbeit geht<\/li><li>Eine \u00fcbertarifliche Verg\u00fctung<\/li><li>Ein junges motiviertes Team (ein super Teamspirit)<\/li><li>Eine neuen, modernen Arbeitsplatz<\/li><li>Abwechslungsreiche, spannende, coole Projekte<\/li><\/ul><p>\u00a0<\/p>\t\t\t\t\t\t\t\t<\/div>\n\t\t\t\t<\/div>\n\t\t\t\t\t<\/details>\n\t\t\t\t\t<\/div>\n\t\t\t\t\t\t<\/div>\n\t\t\t\t<\/div>\n\t\t\t\t\t<\/div>\n\t\t\t\t<\/div>\n\t\t<div class=\"elementor-element elementor-element-d1693ea elementor-hidden-desktop elementor-hidden-tablet elementor-hidden-mobile e-flex e-con-boxed e-con e-parent\" data-id=\"d1693ea\" data-element_type=\"container\" data-e-type=\"container\">\n\t\t\t\t\t<div class=\"e-con-inner\">\n\t\t\t\t<div class=\"elementor-element elementor-element-da5a048 elementor-widget__width-inherit animated-slow elementor-invisible elementor-widget elementor-widget-text-editor\" data-id=\"da5a048\" data-element_type=\"widget\" data-e-type=\"widget\" data-settings=\"{&quot;_animation&quot;:&quot;fadeIn&quot;,&quot;_animation_delay&quot;:400}\" data-widget_type=\"text-editor.default\">\n\t\t\t\t\t\t\t\t\t<p style=\"font-weight: 400;\">Wir freuen uns Sie kennenzulernen.<\/p><p>\u00a0<\/p><p style=\"font-weight: 400;\"><strong>Ihr Ansprechpartner f\u00fcr die Bewerbung bei CCL:<\/strong><\/p><p>\u00a0<\/p><p style=\"font-weight: 400;\">Herr Maximilian Leutenstorfer<\/p><p style=\"font-weight: 400;\">An den Holzwiesen 14<\/p><p style=\"font-weight: 400;\">82131, Gauting<\/p><p style=\"font-weight: 400;\">Telefon: 089 203 247 68<\/p><p style=\"font-weight: 400;\">Mobil: 0157 76800413<\/p><p style=\"font-weight: 400;\">E-Mail: <a href=\"mailto:bewerbung@ccl-kfz.de\">bewerbung@ccl-kfz.de<\/a><\/p><p style=\"font-weight: 400;\">Homepage: <a href=\"http:\/\/www.ccl-kfz.de\/\">www.ccl-kfz.de<\/a><\/p>\t\t\t\t\t\t\t\t<\/div>\n\t\t\t\t<div class=\"elementor-element elementor-element-6f1c53a elementor-mobile-align-center elementor-widget elementor-widget-button\" data-id=\"6f1c53a\" data-element_type=\"widget\" data-e-type=\"widget\" data-widget_type=\"button.default\">\n\t\t\t\t\t\t\t\t\t\t<a class=\"elementor-button elementor-button-link elementor-size-sm elementor-animation-grow\" href=\"mailto:bewerbung@ccl-kfz.de\">\n\t\t\t\t\t\t<span class=\"elementor-button-content-wrapper\">\n\t\t\t\t\t\t\t\t\t<span class=\"elementor-button-text\">Jetzt bewerben!<\/span>\n\t\t\t\t\t<\/span>\n\t\t\t\t\t<\/a>\n\t\t\t\t\t\t\t\t<\/div>\n\t\t\t\t\t<\/div>\n\t\t\t\t<\/div>\n\t\t\t\t<\/div>\n\t\t","protected":false},"excerpt":{"rendered":"<p>Komm in unser Team! Autos sind dein Leben? Dann komm zu uns in die neue Werkstatt und werde Teil unseres jungen Teams! Wir suchen nach talentierten Mechanikern, die nicht nur gerne schrauben, sondern aus Leidenschaft zum Automobil eine wirkliche Berufung gefunden haben. Bewirb dich jetzt und lass uns gemeinsam f\u00fcr den perfekten Drive sorgen! CCL [&hellip;]<\/p>\n","protected":false},"author":2,"featured_media":1494,"parent":0,"menu_order":0,"comment_status":"closed","ping_status":"closed","template":"elementor_header_footer","meta":{"footnotes":""},"class_list":["post-422","page","type-page","status-publish","has-post-thumbnail","hentry"],"yoast_head":"<!-- This site is optimized with the Yoast SEO plugin v27.5 - https:\/\/yoast.com\/product\/yoast-seo-wordpress\/ -->\n<title>Karriere | CCL Car Competence Leutenstorfer GmbH | Komm zu uns ins Team!<\/title>\n<meta name=\"description\" content=\"Autos sind dein Leben? Dann komm zu uns in die neue Werkstatt und werde Teil unseres jungen Teams! Wir suchen talentierten Mechaniker.\" \/>\n<meta name=\"robots\" content=\"index, follow, max-snippet:-1, max-image-preview:large, max-video-preview:-1\" \/>\n<link rel=\"canonical\" href=\"https:\/\/ccl-kfz.de\/en\/career\/\" \/>\n<meta property=\"og:locale\" content=\"en_GB\" \/>\n<meta property=\"og:type\" content=\"article\" \/>\n<meta property=\"og:title\" content=\"Karriere | CCL Car Competence Leutenstorfer GmbH | Komm zu uns ins Team!\" \/>\n<meta property=\"og:description\" content=\"Autos sind dein Leben? Dann komm zu uns in die neue Werkstatt und werde Teil unseres jungen Teams! Wir suchen talentierten Mechaniker.\" \/>\n<meta property=\"og:url\" content=\"https:\/\/ccl-kfz.de\/en\/career\/\" \/>\n<meta property=\"og:site_name\" content=\"CCL Car Competence Leutenstorfer GmbH\" \/>\n<meta property=\"article:publisher\" content=\"https:\/\/www.facebook.com\/profile.php?id=61556495279549\" \/>\n<meta property=\"article:modified_time\" content=\"2026-02-24T18:10:04+00:00\" \/>\n<meta property=\"og:image\" content=\"https:\/\/ccl-kfz.de\/wp-content\/uploads\/2024\/03\/DSC05772.webp\" \/>\n\t<meta property=\"og:image:width\" content=\"2500\" \/>\n\t<meta property=\"og:image:height\" content=\"1667\" \/>\n\t<meta property=\"og:image:type\" content=\"image\/webp\" \/>\n<meta name=\"twitter:card\" content=\"summary_large_image\" \/>\n<meta name=\"twitter:label1\" content=\"Estimated reading time\" \/>\n\t<meta name=\"twitter:data1\" content=\"4 minutes\" \/>\n<script type=\"application\/ld+json\" class=\"yoast-schema-graph\">{\"@context\":\"https:\\\/\\\/schema.org\",\"@graph\":[{\"@type\":\"WebPage\",\"@id\":\"https:\\\/\\\/ccl-kfz.de\\\/karriere\\\/\",\"url\":\"https:\\\/\\\/ccl-kfz.de\\\/karriere\\\/\",\"name\":\"Karriere | CCL Car Competence Leutenstorfer GmbH | Komm zu uns ins Team!\",\"isPartOf\":{\"@id\":\"https:\\\/\\\/ccl-kfz.de\\\/#website\"},\"primaryImageOfPage\":{\"@id\":\"https:\\\/\\\/ccl-kfz.de\\\/karriere\\\/#primaryimage\"},\"image\":{\"@id\":\"https:\\\/\\\/ccl-kfz.de\\\/karriere\\\/#primaryimage\"},\"thumbnailUrl\":\"https:\\\/\\\/ccl-kfz.de\\\/wp-content\\\/uploads\\\/2024\\\/03\\\/DSC05772.webp\",\"datePublished\":\"2024-02-19T12:11:05+00:00\",\"dateModified\":\"2026-02-24T18:10:04+00:00\",\"description\":\"Autos sind dein Leben? Dann komm zu uns in die neue Werkstatt und werde Teil unseres jungen Teams! Wir suchen talentierten Mechaniker.\",\"breadcrumb\":{\"@id\":\"https:\\\/\\\/ccl-kfz.de\\\/karriere\\\/#breadcrumb\"},\"inLanguage\":\"en-GB\",\"potentialAction\":[{\"@type\":\"ReadAction\",\"target\":[\"https:\\\/\\\/ccl-kfz.de\\\/karriere\\\/\"]}]},{\"@type\":\"ImageObject\",\"inLanguage\":\"en-GB\",\"@id\":\"https:\\\/\\\/ccl-kfz.de\\\/karriere\\\/#primaryimage\",\"url\":\"https:\\\/\\\/ccl-kfz.de\\\/wp-content\\\/uploads\\\/2024\\\/03\\\/DSC05772.webp\",\"contentUrl\":\"https:\\\/\\\/ccl-kfz.de\\\/wp-content\\\/uploads\\\/2024\\\/03\\\/DSC05772.webp\",\"width\":2500,\"height\":1667,\"caption\":\"Auszubildender bei CCL Gauting\"},{\"@type\":\"BreadcrumbList\",\"@id\":\"https:\\\/\\\/ccl-kfz.de\\\/karriere\\\/#breadcrumb\",\"itemListElement\":[{\"@type\":\"ListItem\",\"position\":1,\"name\":\"Startseite\",\"item\":\"https:\\\/\\\/ccl-kfz.de\\\/\"},{\"@type\":\"ListItem\",\"position\":2,\"name\":\"Karriere\"}]},{\"@type\":\"WebSite\",\"@id\":\"https:\\\/\\\/ccl-kfz.de\\\/#website\",\"url\":\"https:\\\/\\\/ccl-kfz.de\\\/\",\"name\":\"CCL Car Competence Leutenstorfer GmbH\",\"description\":\"Werkstatt | Fahrzeugeinlagerung | Tuning | Oldtimer | Motorsport | Reifenlager\",\"publisher\":{\"@id\":\"https:\\\/\\\/ccl-kfz.de\\\/#organization\"},\"alternateName\":\"CCL\",\"potentialAction\":[{\"@type\":\"SearchAction\",\"target\":{\"@type\":\"EntryPoint\",\"urlTemplate\":\"https:\\\/\\\/ccl-kfz.de\\\/?s={search_term_string}\"},\"query-input\":{\"@type\":\"PropertyValueSpecification\",\"valueRequired\":true,\"valueName\":\"search_term_string\"}}],\"inLanguage\":\"en-GB\"},{\"@type\":\"Organization\",\"@id\":\"https:\\\/\\\/ccl-kfz.de\\\/#organization\",\"name\":\"CCL Car Competence Leutenstorfer GmbH\",\"alternateName\":\"CCL\",\"url\":\"https:\\\/\\\/ccl-kfz.de\\\/\",\"logo\":{\"@type\":\"ImageObject\",\"inLanguage\":\"en-GB\",\"@id\":\"https:\\\/\\\/ccl-kfz.de\\\/#\\\/schema\\\/logo\\\/image\\\/\",\"url\":\"https:\\\/\\\/ccl-kfz.de\\\/wp-content\\\/uploads\\\/2024\\\/02\\\/CCL_Black_500.webp\",\"contentUrl\":\"https:\\\/\\\/ccl-kfz.de\\\/wp-content\\\/uploads\\\/2024\\\/02\\\/CCL_Black_500.webp\",\"width\":500,\"height\":157,\"caption\":\"CCL Car Competence Leutenstorfer GmbH\"},\"image\":{\"@id\":\"https:\\\/\\\/ccl-kfz.de\\\/#\\\/schema\\\/logo\\\/image\\\/\"},\"sameAs\":[\"https:\\\/\\\/www.facebook.com\\\/profile.php?id=61556495279549\",\"https:\\\/\\\/www.instagram.com\\\/cclcarcompetence_leutenstorfer\\\/\",\"https:\\\/\\\/www.youtube.com\\\/channel\\\/UCzZ_DXjtpN43VN-TteInkbg\"]}]}<\/script>\n<!-- \/ Yoast SEO plugin. -->","yoast_head_json":{"title":"Career | CCL Car Competence Leutenstorfer GmbH | Join our team!","description":"Cars are your life? Then join us in the new workshop and become part of our young team! We are looking for talented mechanics.","robots":{"index":"index","follow":"follow","max-snippet":"max-snippet:-1","max-image-preview":"max-image-preview:large","max-video-preview":"max-video-preview:-1"},"canonical":"https:\/\/ccl-kfz.de\/en\/career\/","og_locale":"en_GB","og_type":"article","og_title":"Karriere | CCL Car Competence Leutenstorfer GmbH | Komm zu uns ins Team!","og_description":"Autos sind dein Leben? Dann komm zu uns in die neue Werkstatt und werde Teil unseres jungen Teams! Wir suchen talentierten Mechaniker.","og_url":"https:\/\/ccl-kfz.de\/en\/career\/","og_site_name":"CCL Car Competence Leutenstorfer GmbH","article_publisher":"https:\/\/www.facebook.com\/profile.php?id=61556495279549","article_modified_time":"2026-02-24T18:10:04+00:00","og_image":[{"width":2500,"height":1667,"url":"https:\/\/ccl-kfz.de\/wp-content\/uploads\/2024\/03\/DSC05772.webp","type":"image\/webp"}],"twitter_card":"summary_large_image","twitter_misc":{"Estimated reading time":"4 minutes"},"schema":{"@context":"https:\/\/schema.org","@graph":[{"@type":"WebPage","@id":"https:\/\/ccl-kfz.de\/karriere\/","url":"https:\/\/ccl-kfz.de\/karriere\/","name":"Career | CCL Car Competence Leutenstorfer GmbH | Join our team!","isPartOf":{"@id":"https:\/\/ccl-kfz.de\/#website"},"primaryImageOfPage":{"@id":"https:\/\/ccl-kfz.de\/karriere\/#primaryimage"},"image":{"@id":"https:\/\/ccl-kfz.de\/karriere\/#primaryimage"},"thumbnailUrl":"https:\/\/ccl-kfz.de\/wp-content\/uploads\/2024\/03\/DSC05772.webp","datePublished":"2024-02-19T12:11:05+00:00","dateModified":"2026-02-24T18:10:04+00:00","description":"Cars are your life? Then join us in the new workshop and become part of our young team! We are looking for talented mechanics.","breadcrumb":{"@id":"https:\/\/ccl-kfz.de\/karriere\/#breadcrumb"},"inLanguage":"en-GB","potentialAction":[{"@type":"ReadAction","target":["https:\/\/ccl-kfz.de\/karriere\/"]}]},{"@type":"ImageObject","inLanguage":"en-GB","@id":"https:\/\/ccl-kfz.de\/karriere\/#primaryimage","url":"https:\/\/ccl-kfz.de\/wp-content\/uploads\/2024\/03\/DSC05772.webp","contentUrl":"https:\/\/ccl-kfz.de\/wp-content\/uploads\/2024\/03\/DSC05772.webp","width":2500,"height":1667,"caption":"Auszubildender bei CCL Gauting"},{"@type":"BreadcrumbList","@id":"https:\/\/ccl-kfz.de\/karriere\/#breadcrumb","itemListElement":[{"@type":"ListItem","position":1,"name":"Startseite","item":"https:\/\/ccl-kfz.de\/"},{"@type":"ListItem","position":2,"name":"Karriere"}]},{"@type":"WebSite","@id":"https:\/\/ccl-kfz.de\/#website","url":"https:\/\/ccl-kfz.de\/","name":"CCL Car Competence Leutenstorfer GmbH","description":"Workshop | Vehicle storage | Tuning | Classic cars | Motorsport | Tyre storage","publisher":{"@id":"https:\/\/ccl-kfz.de\/#organization"},"alternateName":"CCL","potentialAction":[{"@type":"SearchAction","target":{"@type":"EntryPoint","urlTemplate":"https:\/\/ccl-kfz.de\/?s={search_term_string}"},"query-input":{"@type":"PropertyValueSpecification","valueRequired":true,"valueName":"search_term_string"}}],"inLanguage":"en-GB"},{"@type":"Organization","@id":"https:\/\/ccl-kfz.de\/#organization","name":"CCL Car Competence Leutenstorfer GmbH","alternateName":"CCL","url":"https:\/\/ccl-kfz.de\/","logo":{"@type":"ImageObject","inLanguage":"en-GB","@id":"https:\/\/ccl-kfz.de\/#\/schema\/logo\/image\/","url":"https:\/\/ccl-kfz.de\/wp-content\/uploads\/2024\/02\/CCL_Black_500.webp","contentUrl":"https:\/\/ccl-kfz.de\/wp-content\/uploads\/2024\/02\/CCL_Black_500.webp","width":500,"height":157,"caption":"CCL Car Competence Leutenstorfer GmbH"},"image":{"@id":"https:\/\/ccl-kfz.de\/#\/schema\/logo\/image\/"},"sameAs":["https:\/\/www.facebook.com\/profile.php?id=61556495279549","https:\/\/www.instagram.com\/cclcarcompetence_leutenstorfer\/","https:\/\/www.youtube.com\/channel\/UCzZ_DXjtpN43VN-TteInkbg"]}]}},"_links":{"self":[{"href":"https:\/\/ccl-kfz.de\/en\/wp-json\/wp\/v2\/pages\/422","targetHints":{"allow":["GET"]}}],"collection":[{"href":"https:\/\/ccl-kfz.de\/en\/wp-json\/wp\/v2\/pages"}],"about":[{"href":"https:\/\/ccl-kfz.de\/en\/wp-json\/wp\/v2\/types\/page"}],"author":[{"embeddable":true,"href":"https:\/\/ccl-kfz.de\/en\/wp-json\/wp\/v2\/users\/2"}],"replies":[{"embeddable":true,"href":"https:\/\/ccl-kfz.de\/en\/wp-json\/wp\/v2\/comments?post=422"}],"version-history":[{"count":0,"href":"https:\/\/ccl-kfz.de\/en\/wp-json\/wp\/v2\/pages\/422\/revisions"}],"wp:featuredmedia":[{"embeddable":true,"href":"https:\/\/ccl-kfz.de\/en\/wp-json\/wp\/v2\/media\/1494"}],"wp:attachment":[{"href":"https:\/\/ccl-kfz.de\/en\/wp-json\/wp\/v2\/media?parent=422"}],"curies":[{"name":"wp","href":"https:\/\/api.w.org\/{rel}","templated":true}]}}