{"id":462,"date":"2024-02-19T12:22:41","date_gmt":"2024-02-19T12:22:41","guid":{"rendered":"https:\/\/ccl-kfz.de\/?page_id=462"},"modified":"2025-02-11T14:31:05","modified_gmt":"2025-02-11T13:31:05","slug":"dates","status":"publish","type":"page","link":"https:\/\/ccl-kfz.de\/en\/termine\/","title":{"rendered":"News &amp; Events"},"content":{"rendered":"\t\t<div data-elementor-type=\"wp-page\" data-elementor-id=\"462\" class=\"elementor elementor-462\" data-elementor-post-type=\"page\">\n\t\t\t\t<div class=\"elementor-element elementor-element-6d8bb51b e-con-full e-flex e-con e-parent\" data-id=\"6d8bb51b\" data-element_type=\"container\" data-e-type=\"container\" data-settings=\"{&quot;background_background&quot;:&quot;slideshow&quot;,&quot;background_slideshow_gallery&quot;:[{&quot;id&quot;:2644,&quot;url&quot;:&quot;https:\\\/\\\/ccl-kfz.de\\\/wp-content\\\/uploads\\\/2024\\\/03\\\/AdobeStock_122827044.jpeg&quot;}],&quot;background_slideshow_loop&quot;:&quot;yes&quot;,&quot;background_slideshow_slide_duration&quot;:5000,&quot;background_slideshow_slide_transition&quot;:&quot;fade&quot;,&quot;background_slideshow_transition_duration&quot;:500}\">\n\t\t\t\t<div class=\"elementor-element elementor-element-99333e1 elementor-widget__width-initial animated-slow elementor-invisible elementor-widget elementor-widget-heading\" data-id=\"99333e1\" data-element_type=\"widget\" data-e-type=\"widget\" data-settings=\"{&quot;_animation&quot;:&quot;fadeIn&quot;}\" data-widget_type=\"heading.default\">\n\t\t\t\t\t<h1 class=\"elementor-heading-title elementor-size-default\">Termine<\/h1>\t\t\t\t<\/div>\n\t\t\t\t<\/div>\n\t\t<div class=\"elementor-element elementor-element-0c58c38 e-flex e-con-boxed e-con e-parent\" data-id=\"0c58c38\" data-element_type=\"container\" data-e-type=\"container\">\n\t\t\t\t\t<div class=\"e-con-inner\">\n\t\t<div class=\"elementor-element elementor-element-ccdfdff e-con-full e-flex e-con e-child\" data-id=\"ccdfdff\" data-element_type=\"container\" data-e-type=\"container\">\n\t\t\t\t<div class=\"elementor-element elementor-element-ef1cd76 elementor-widget elementor-widget-image\" data-id=\"ef1cd76\" data-element_type=\"widget\" data-e-type=\"widget\" data-widget_type=\"image.default\">\n\t\t\t\t\t\t\t\t\t\t\t\t\t\t\t<img fetchpriority=\"high\" decoding=\"async\" width=\"768\" height=\"511\" src=\"https:\/\/ccl-kfz.de\/wp-content\/uploads\/2024\/03\/ONQB8915-768x511.webp\" class=\"attachment-medium_large size-medium_large wp-image-2198\" alt=\"CCL Car Competence Leutenstorfer GmbH Gauting Kfz KFZ-Teile Leutenstorfer GmbH Kfz-Werkstatt Werkstatt Meisterbetrieb Fachwerkstatt Oldtimer Sportwagen Motorsport Rennauto CUP Trackday Stellplatz Garage Fahrzeugeinlagerung M\u00fcnchen Gr\u00e4felfing Starnberg Gilching Puchheim Neuried F\u00fcrstenfeldbruck Freiham Germering Tuning Reifenlager Planegg Krailling Alling Eichenau Sch\u00e4ftlarn Gr\u00fcnwald P\u00f6cking Feldafing Wolfratshausen Garmisch Partenkirchen Herrsching Inning Ammersee Pullach Seeshaupt Weilheim Autowerkstatt Tuningwerkstatt freie Werkstatt markenunabh\u00e4ngig Hobbywerkstatt carporn Fahrzeugtechnik Kfz-Reparatur KFZ Service Automobile Autoservice Autohaus Classic Klassik Historisch heritage history Unfallschaden Karosserie Competition Rennsport Pkw Personenkraftwagen FFB STA M Olching Autoglas wechseln erneuern in der N\u00e4he Technik Fahrzeugtechnik Kfz-Technik Kfz-Service Chiptuning Leistungssteigerung Kfz-Team Carport Deutschland Bayern S\u00fcddeutschland Racing Race ready to race GT Performance Rennstrecke racetrack rennwagen racecar fahren drive fast schnell Rundenzeiten Rekord challenge Pr\u00fcfst\u00fctzpunkt Hauptuntersuchung HU AU T\u00dcV TUEV Hipp V Pruefstuetzpunkt Ger\u00e4usch Geruch klappern schleifen Klapperger\u00e4usch Benzin Diesel Tankstelle Aerodynamik untersteuern \u00fcbersteuern neutral fahrverhalten VW AUDI BMW Mercedes-Benz Renault Opel Skoda Ford Cupra Seat Ferrari Lamborghini Porsche Jaguar Fiat Hyundai Toyota Kia Lancia Volvo Mini Mitsubishi Mazda Tesla Citroen Nissan Smart Jeep Land Rover Honda Kia Suzuki Subaru Lexus Alfa Romeo DS MG Abarth Aston Martin Bentley Maybach Alpina Bugatti Lotus Maserati McLaren Morgan Rolls-Royce\" srcset=\"https:\/\/ccl-kfz.de\/wp-content\/uploads\/2024\/03\/ONQB8915-768x511.webp 768w, https:\/\/ccl-kfz.de\/wp-content\/uploads\/2024\/03\/ONQB8915-300x200.webp 300w, https:\/\/ccl-kfz.de\/wp-content\/uploads\/2024\/03\/ONQB8915-1024x682.webp 1024w, https:\/\/ccl-kfz.de\/wp-content\/uploads\/2024\/03\/ONQB8915-1536x1023.webp 1536w, https:\/\/ccl-kfz.de\/wp-content\/uploads\/2024\/03\/ONQB8915.webp 2000w\" sizes=\"(max-width: 768px) 100vw, 768px\" \/>\t\t\t\t\t\t\t\t\t\t\t\t\t\t\t<\/div>\n\t\t\t\t<\/div>\n\t\t<div class=\"elementor-element elementor-element-51f8772 e-con-full e-flex e-con e-child\" data-id=\"51f8772\" data-element_type=\"container\" data-e-type=\"container\">\n\t\t\t\t<div class=\"elementor-element elementor-element-39e46c62 elementor-invisible elementor-widget elementor-widget-heading\" data-id=\"39e46c62\" data-element_type=\"widget\" data-e-type=\"widget\" data-settings=\"{&quot;_animation&quot;:&quot;pulse&quot;}\" data-widget_type=\"heading.default\">\n\t\t\t\t\t<h2 class=\"elementor-heading-title elementor-size-default\">KW Trackday &amp; Track Performance Event Bilster Berg<\/h2>\t\t\t\t<\/div>\n\t\t\t\t<div class=\"elementor-element elementor-element-da7ece9 elementor-invisible elementor-widget elementor-widget-heading\" data-id=\"da7ece9\" data-element_type=\"widget\" data-e-type=\"widget\" data-settings=\"{&quot;_animation&quot;:&quot;pulse&quot;}\" data-widget_type=\"heading.default\">\n\t\t\t\t\t<h2 class=\"elementor-heading-title elementor-size-default\">30. Juni 2025<\/h2>\t\t\t\t<\/div>\n\t\t\t\t<\/div>\n\t\t\t\t\t<\/div>\n\t\t\t\t<\/div>\n\t\t\t\t<\/div>\n\t\t","protected":false},"excerpt":{"rendered":"<p>Dates KW Trackday &amp; Track Performance Event Bilster Berg 30 June 2025<\/p>","protected":false},"author":2,"featured_media":2143,"parent":0,"menu_order":0,"comment_status":"closed","ping_status":"closed","template":"elementor_header_footer","meta":{"footnotes":""},"class_list":["post-462","page","type-page","status-publish","has-post-thumbnail","hentry"],"yoast_head":"<!-- This site is optimized with the Yoast SEO plugin v27.5 - https:\/\/yoast.com\/product\/yoast-seo-wordpress\/ -->\n<title>News &amp; Events | CCL Car Competence Leutenstorfer GmbH<\/title>\n<meta name=\"description\" content=\"CCL Er\u00f6ffnungsfeier \/ 22.06.2024 in Gauting. Wir freuen uns, Sie bei unserer Er\u00f6ffnungsfeier im neuen Firmenstandort einzuladen.\" \/>\n<meta name=\"robots\" content=\"index, follow, max-snippet:-1, max-image-preview:large, max-video-preview:-1\" \/>\n<link rel=\"canonical\" href=\"https:\/\/ccl-kfz.de\/en\/dates\/\" \/>\n<meta property=\"og:locale\" content=\"en_GB\" \/>\n<meta property=\"og:type\" content=\"article\" \/>\n<meta property=\"og:title\" content=\"News &amp; Events | CCL Car Competence Leutenstorfer GmbH\" \/>\n<meta property=\"og:description\" content=\"CCL Er\u00f6ffnungsfeier \/ 22.06.2024 in Gauting. Wir freuen uns, Sie bei unserer Er\u00f6ffnungsfeier im neuen Firmenstandort einzuladen.\" \/>\n<meta property=\"og:url\" content=\"https:\/\/ccl-kfz.de\/en\/dates\/\" \/>\n<meta property=\"og:site_name\" content=\"CCL Car Competence Leutenstorfer GmbH\" \/>\n<meta property=\"article:publisher\" content=\"https:\/\/www.facebook.com\/profile.php?id=61556495279549\" \/>\n<meta property=\"article:modified_time\" content=\"2025-02-11T13:31:05+00:00\" \/>\n<meta property=\"og:image\" content=\"https:\/\/ccl-kfz.de\/wp-content\/uploads\/2024\/03\/PBIN6994.webp\" \/>\n\t<meta property=\"og:image:width\" content=\"2000\" \/>\n\t<meta property=\"og:image:height\" content=\"1498\" \/>\n\t<meta property=\"og:image:type\" content=\"image\/webp\" \/>\n<meta name=\"twitter:card\" content=\"summary_large_image\" \/>\n<script type=\"application\/ld+json\" class=\"yoast-schema-graph\">{\"@context\":\"https:\\\/\\\/schema.org\",\"@graph\":[{\"@type\":\"WebPage\",\"@id\":\"https:\\\/\\\/ccl-kfz.de\\\/termine\\\/\",\"url\":\"https:\\\/\\\/ccl-kfz.de\\\/termine\\\/\",\"name\":\"News & Events | CCL Car Competence Leutenstorfer GmbH\",\"isPartOf\":{\"@id\":\"https:\\\/\\\/ccl-kfz.de\\\/#website\"},\"primaryImageOfPage\":{\"@id\":\"https:\\\/\\\/ccl-kfz.de\\\/termine\\\/#primaryimage\"},\"image\":{\"@id\":\"https:\\\/\\\/ccl-kfz.de\\\/termine\\\/#primaryimage\"},\"thumbnailUrl\":\"https:\\\/\\\/ccl-kfz.de\\\/wp-content\\\/uploads\\\/2024\\\/03\\\/PBIN6994.webp\",\"datePublished\":\"2024-02-19T12:22:41+00:00\",\"dateModified\":\"2025-02-11T13:31:05+00:00\",\"description\":\"CCL Er\u00f6ffnungsfeier \\\/ 22.06.2024 in Gauting. Wir freuen uns, Sie bei unserer Er\u00f6ffnungsfeier im neuen Firmenstandort einzuladen.\",\"breadcrumb\":{\"@id\":\"https:\\\/\\\/ccl-kfz.de\\\/termine\\\/#breadcrumb\"},\"inLanguage\":\"en-GB\",\"potentialAction\":[{\"@type\":\"ReadAction\",\"target\":[\"https:\\\/\\\/ccl-kfz.de\\\/termine\\\/\"]}]},{\"@type\":\"ImageObject\",\"inLanguage\":\"en-GB\",\"@id\":\"https:\\\/\\\/ccl-kfz.de\\\/termine\\\/#primaryimage\",\"url\":\"https:\\\/\\\/ccl-kfz.de\\\/wp-content\\\/uploads\\\/2024\\\/03\\\/PBIN6994.webp\",\"contentUrl\":\"https:\\\/\\\/ccl-kfz.de\\\/wp-content\\\/uploads\\\/2024\\\/03\\\/PBIN6994.webp\",\"width\":2000,\"height\":1498,\"caption\":\"default\"},{\"@type\":\"BreadcrumbList\",\"@id\":\"https:\\\/\\\/ccl-kfz.de\\\/termine\\\/#breadcrumb\",\"itemListElement\":[{\"@type\":\"ListItem\",\"position\":1,\"name\":\"Startseite\",\"item\":\"https:\\\/\\\/ccl-kfz.de\\\/\"},{\"@type\":\"ListItem\",\"position\":2,\"name\":\"News &#038; Events\"}]},{\"@type\":\"WebSite\",\"@id\":\"https:\\\/\\\/ccl-kfz.de\\\/#website\",\"url\":\"https:\\\/\\\/ccl-kfz.de\\\/\",\"name\":\"CCL Car Competence Leutenstorfer GmbH\",\"description\":\"Werkstatt | Fahrzeugeinlagerung | Tuning | Oldtimer | Motorsport | Reifenlager\",\"publisher\":{\"@id\":\"https:\\\/\\\/ccl-kfz.de\\\/#organization\"},\"alternateName\":\"CCL\",\"potentialAction\":[{\"@type\":\"SearchAction\",\"target\":{\"@type\":\"EntryPoint\",\"urlTemplate\":\"https:\\\/\\\/ccl-kfz.de\\\/?s={search_term_string}\"},\"query-input\":{\"@type\":\"PropertyValueSpecification\",\"valueRequired\":true,\"valueName\":\"search_term_string\"}}],\"inLanguage\":\"en-GB\"},{\"@type\":\"Organization\",\"@id\":\"https:\\\/\\\/ccl-kfz.de\\\/#organization\",\"name\":\"CCL Car Competence Leutenstorfer GmbH\",\"alternateName\":\"CCL\",\"url\":\"https:\\\/\\\/ccl-kfz.de\\\/\",\"logo\":{\"@type\":\"ImageObject\",\"inLanguage\":\"en-GB\",\"@id\":\"https:\\\/\\\/ccl-kfz.de\\\/#\\\/schema\\\/logo\\\/image\\\/\",\"url\":\"https:\\\/\\\/ccl-kfz.de\\\/wp-content\\\/uploads\\\/2024\\\/02\\\/CCL_Black_500.webp\",\"contentUrl\":\"https:\\\/\\\/ccl-kfz.de\\\/wp-content\\\/uploads\\\/2024\\\/02\\\/CCL_Black_500.webp\",\"width\":500,\"height\":157,\"caption\":\"CCL Car Competence Leutenstorfer GmbH\"},\"image\":{\"@id\":\"https:\\\/\\\/ccl-kfz.de\\\/#\\\/schema\\\/logo\\\/image\\\/\"},\"sameAs\":[\"https:\\\/\\\/www.facebook.com\\\/profile.php?id=61556495279549\",\"https:\\\/\\\/www.instagram.com\\\/cclcarcompetence_leutenstorfer\\\/\",\"https:\\\/\\\/www.youtube.com\\\/channel\\\/UCzZ_DXjtpN43VN-TteInkbg\"]}]}<\/script>\n<!-- \/ Yoast SEO plugin. -->","yoast_head_json":{"title":"News &amp; Events | CCL Car Competence Leutenstorfer GmbH","description":"CCL opening ceremony \/ 22\/06\/2024 in Gauting. We look forward to inviting you to our opening ceremony at the new company location.","robots":{"index":"index","follow":"follow","max-snippet":"max-snippet:-1","max-image-preview":"max-image-preview:large","max-video-preview":"max-video-preview:-1"},"canonical":"https:\/\/ccl-kfz.de\/en\/dates\/","og_locale":"en_GB","og_type":"article","og_title":"News & Events | CCL Car Competence Leutenstorfer GmbH","og_description":"CCL Er\u00f6ffnungsfeier \/ 22.06.2024 in Gauting. Wir freuen uns, Sie bei unserer Er\u00f6ffnungsfeier im neuen Firmenstandort einzuladen.","og_url":"https:\/\/ccl-kfz.de\/en\/dates\/","og_site_name":"CCL Car Competence Leutenstorfer GmbH","article_publisher":"https:\/\/www.facebook.com\/profile.php?id=61556495279549","article_modified_time":"2025-02-11T13:31:05+00:00","og_image":[{"width":2000,"height":1498,"url":"https:\/\/ccl-kfz.de\/wp-content\/uploads\/2024\/03\/PBIN6994.webp","type":"image\/webp"}],"twitter_card":"summary_large_image","schema":{"@context":"https:\/\/schema.org","@graph":[{"@type":"WebPage","@id":"https:\/\/ccl-kfz.de\/termine\/","url":"https:\/\/ccl-kfz.de\/termine\/","name":"News &amp; Events | CCL Car Competence Leutenstorfer GmbH","isPartOf":{"@id":"https:\/\/ccl-kfz.de\/#website"},"primaryImageOfPage":{"@id":"https:\/\/ccl-kfz.de\/termine\/#primaryimage"},"image":{"@id":"https:\/\/ccl-kfz.de\/termine\/#primaryimage"},"thumbnailUrl":"https:\/\/ccl-kfz.de\/wp-content\/uploads\/2024\/03\/PBIN6994.webp","datePublished":"2024-02-19T12:22:41+00:00","dateModified":"2025-02-11T13:31:05+00:00","description":"CCL opening ceremony \/ 22\/06\/2024 in Gauting. We look forward to inviting you to our opening ceremony at the new company location.","breadcrumb":{"@id":"https:\/\/ccl-kfz.de\/termine\/#breadcrumb"},"inLanguage":"en-GB","potentialAction":[{"@type":"ReadAction","target":["https:\/\/ccl-kfz.de\/termine\/"]}]},{"@type":"ImageObject","inLanguage":"en-GB","@id":"https:\/\/ccl-kfz.de\/termine\/#primaryimage","url":"https:\/\/ccl-kfz.de\/wp-content\/uploads\/2024\/03\/PBIN6994.webp","contentUrl":"https:\/\/ccl-kfz.de\/wp-content\/uploads\/2024\/03\/PBIN6994.webp","width":2000,"height":1498,"caption":"default"},{"@type":"BreadcrumbList","@id":"https:\/\/ccl-kfz.de\/termine\/#breadcrumb","itemListElement":[{"@type":"ListItem","position":1,"name":"Startseite","item":"https:\/\/ccl-kfz.de\/"},{"@type":"ListItem","position":2,"name":"News &#038; Events"}]},{"@type":"WebSite","@id":"https:\/\/ccl-kfz.de\/#website","url":"https:\/\/ccl-kfz.de\/","name":"CCL Car Competence Leutenstorfer GmbH","description":"Workshop | Vehicle storage | Tuning | Classic cars | Motorsport | Tyre storage","publisher":{"@id":"https:\/\/ccl-kfz.de\/#organization"},"alternateName":"CCL","potentialAction":[{"@type":"SearchAction","target":{"@type":"EntryPoint","urlTemplate":"https:\/\/ccl-kfz.de\/?s={search_term_string}"},"query-input":{"@type":"PropertyValueSpecification","valueRequired":true,"valueName":"search_term_string"}}],"inLanguage":"en-GB"},{"@type":"Organization","@id":"https:\/\/ccl-kfz.de\/#organization","name":"CCL Car Competence Leutenstorfer GmbH","alternateName":"CCL","url":"https:\/\/ccl-kfz.de\/","logo":{"@type":"ImageObject","inLanguage":"en-GB","@id":"https:\/\/ccl-kfz.de\/#\/schema\/logo\/image\/","url":"https:\/\/ccl-kfz.de\/wp-content\/uploads\/2024\/02\/CCL_Black_500.webp","contentUrl":"https:\/\/ccl-kfz.de\/wp-content\/uploads\/2024\/02\/CCL_Black_500.webp","width":500,"height":157,"caption":"CCL Car Competence Leutenstorfer GmbH"},"image":{"@id":"https:\/\/ccl-kfz.de\/#\/schema\/logo\/image\/"},"sameAs":["https:\/\/www.facebook.com\/profile.php?id=61556495279549","https:\/\/www.instagram.com\/cclcarcompetence_leutenstorfer\/","https:\/\/www.youtube.com\/channel\/UCzZ_DXjtpN43VN-TteInkbg"]}]}},"_links":{"self":[{"href":"https:\/\/ccl-kfz.de\/en\/wp-json\/wp\/v2\/pages\/462","targetHints":{"allow":["GET"]}}],"collection":[{"href":"https:\/\/ccl-kfz.de\/en\/wp-json\/wp\/v2\/pages"}],"about":[{"href":"https:\/\/ccl-kfz.de\/en\/wp-json\/wp\/v2\/types\/page"}],"author":[{"embeddable":true,"href":"https:\/\/ccl-kfz.de\/en\/wp-json\/wp\/v2\/users\/2"}],"replies":[{"embeddable":true,"href":"https:\/\/ccl-kfz.de\/en\/wp-json\/wp\/v2\/comments?post=462"}],"version-history":[{"count":0,"href":"https:\/\/ccl-kfz.de\/en\/wp-json\/wp\/v2\/pages\/462\/revisions"}],"wp:featuredmedia":[{"embeddable":true,"href":"https:\/\/ccl-kfz.de\/en\/wp-json\/wp\/v2\/media\/2143"}],"wp:attachment":[{"href":"https:\/\/ccl-kfz.de\/en\/wp-json\/wp\/v2\/media?parent=462"}],"curies":[{"name":"wp","href":"https:\/\/api.w.org\/{rel}","templated":true}]}}